{"id":578,"date":"2021-04-02T22:05:56","date_gmt":"2021-04-02T22:05:56","guid":{"rendered":"https:\/\/plugmediatv.com\/?page_id=578"},"modified":"2021-04-16T16:04:12","modified_gmt":"2021-04-16T16:04:12","slug":"strech","status":"publish","type":"page","link":"https:\/\/plugmediatv.com\/index.php\/strech\/","title":{"rendered":"STRECH"},"content":{"rendered":"\t\t<div data-elementor-type=\"wp-page\" data-elementor-id=\"578\" class=\"elementor elementor-578\" data-elementor-settings=\"[]\">\n\t\t\t\t\t\t\t<div class=\"elementor-section-wrap\">\n\t\t\t\t\t\t\t<section data-particle_enable=\"false\" data-particle-mobile-disabled=\"false\" class=\"elementor-section elementor-top-section elementor-element elementor-element-ece95e3 elementor-section-full_width elementor-section-height-min-height elementor-section-height-default elementor-section-items-middle\" data-id=\"ece95e3\" data-element_type=\"section\" data-settings=\"{&quot;background_background&quot;:&quot;classic&quot;}\">\n\t\t\t\t\t\t<div class=\"elementor-container elementor-column-gap-default\">\n\t\t\t\t\t<div class=\"elementor-column elementor-col-100 elementor-top-column elementor-element elementor-element-6f0fc94\" data-id=\"6f0fc94\" data-element_type=\"column\">\n\t\t\t<div class=\"elementor-widget-wrap elementor-element-populated\">\n\t\t\t\t\t\t\t\t<div class=\"elementor-element elementor-element-0ffb191 elementor-widget elementor-widget-html\" data-id=\"0ffb191\" data-element_type=\"widget\" data-widget_type=\"html.default\">\n\t\t\t\t<div class=\"elementor-widget-container\">\n\t\t\t<div style=\"padding:56.25% 0 0 0;position:relative;\"><iframe src=\"https:\/\/player.vimeo.com\/video\/531494162?autoplay=1&title=0&byline=0&portrait=0\" style=\"position:absolute;top:0;left:0;width:100%;height:100%;\" frameborder=\"0\" allow=\"autoplay; fullscreen; picture-in-picture\" allowfullscreen><\/iframe><\/div><script src=\"https:\/\/player.vimeo.com\/api\/player.js\"><\/script>\t\t<\/div>\n\t\t\t\t<\/div>\n\t\t\t\t\t<\/div>\n\t\t<\/div>\n\t\t\t\t\t\t\t<\/div>\n\t\t<\/section>\n\t\t\t\t<section data-particle_enable=\"false\" data-particle-mobile-disabled=\"false\" class=\"elementor-section elementor-top-section elementor-element elementor-element-f7dcd41 elementor-section-height-min-height elementor-section-boxed elementor-section-height-default elementor-section-items-middle\" data-id=\"f7dcd41\" data-element_type=\"section\">\n\t\t\t\t\t\t<div class=\"elementor-container elementor-column-gap-default\">\n\t\t\t\t\t<div class=\"elementor-column elementor-col-25 elementor-top-column elementor-element elementor-element-bde3e78\" data-id=\"bde3e78\" data-element_type=\"column\" data-settings=\"{&quot;animation_tablet&quot;:&quot;fadeIn&quot;,&quot;animation_mobile&quot;:&quot;fadeIn&quot;}\">\n\t\t\t<div class=\"elementor-widget-wrap elementor-element-populated\">\n\t\t\t\t\t\t\t\t<div class=\"elementor-element elementor-element-0c27508 elementor-widget elementor-widget-heading\" data-id=\"0c27508\" data-element_type=\"widget\" data-widget_type=\"heading.default\">\n\t\t\t\t<div class=\"elementor-widget-container\">\n\t\t\t<h1 class=\"elementor-heading-title elementor-size-default\">[<\/h1>\t\t<\/div>\n\t\t\t\t<\/div>\n\t\t\t\t\t<\/div>\n\t\t<\/div>\n\t\t\t\t<div class=\"elementor-column elementor-col-25 elementor-top-column elementor-element elementor-element-7c056b9\" data-id=\"7c056b9\" data-element_type=\"column\" data-settings=\"{&quot;animation_tablet&quot;:&quot;fadeIn&quot;,&quot;animation_mobile&quot;:&quot;fadeIn&quot;}\">\n\t\t\t<div class=\"elementor-widget-wrap elementor-element-populated\">\n\t\t\t\t\t\t\t\t<div class=\"elementor-element elementor-element-59b2ea5 elementor-invisible elementor-widget elementor-widget-text-editor\" data-id=\"59b2ea5\" data-element_type=\"widget\" data-settings=\"{&quot;_animation&quot;:&quot;fadeIn&quot;}\" data-widget_type=\"text-editor.default\">\n\t\t\t\t<div class=\"elementor-widget-container\">\n\t\t\t\t\t<div class=\"elementor-text-editor elementor-clearfix\"><p>STRETCH<\/p><\/div>\n\t\t\t\t<\/div>\n\t\t\t\t<\/div>\n\t\t\t\t<div class=\"elementor-element elementor-element-3a10e23 elementor-invisible elementor-widget elementor-widget-text-editor\" data-id=\"3a10e23\" data-element_type=\"widget\" data-settings=\"{&quot;_animation&quot;:&quot;fadeIn&quot;}\" data-widget_type=\"text-editor.default\">\n\t\t\t\t<div class=\"elementor-widget-container\">\n\t\t\t\t\t<div class=\"elementor-text-editor elementor-clearfix\"><p><b>COMERCIAL<\/b><\/p><\/div>\n\t\t\t\t<\/div>\n\t\t\t\t<\/div>\n\t\t\t\t\t<\/div>\n\t\t<\/div>\n\t\t\t\t<div class=\"elementor-column elementor-col-25 elementor-top-column elementor-element elementor-element-df3ad17\" data-id=\"df3ad17\" data-element_type=\"column\">\n\t\t\t<div class=\"elementor-widget-wrap\">\n\t\t\t\t\t\t\t\t\t<\/div>\n\t\t<\/div>\n\t\t\t\t<div class=\"elementor-column elementor-col-25 elementor-top-column elementor-element elementor-element-6a98fb1 elementor-hidden-phone\" data-id=\"6a98fb1\" data-element_type=\"column\">\n\t\t\t<div class=\"elementor-widget-wrap\">\n\t\t\t\t\t\t\t\t\t<\/div>\n\t\t<\/div>\n\t\t\t\t\t\t\t<\/div>\n\t\t<\/section>\n\t\t\t\t<section data-particle_enable=\"false\" data-particle-mobile-disabled=\"false\" class=\"elementor-section elementor-top-section elementor-element elementor-element-647491f elementor-section-height-min-height elementor-section-boxed elementor-section-height-default elementor-section-items-middle\" data-id=\"647491f\" data-element_type=\"section\" data-settings=\"{&quot;animation_tablet&quot;:&quot;fadeIn&quot;,&quot;animation_mobile&quot;:&quot;fadeIn&quot;}\">\n\t\t\t\t\t\t<div class=\"elementor-container elementor-column-gap-default\">\n\t\t\t\t\t<div class=\"elementor-column elementor-col-33 elementor-top-column elementor-element elementor-element-1e36f31\" data-id=\"1e36f31\" data-element_type=\"column\">\n\t\t\t<div class=\"elementor-widget-wrap\">\n\t\t\t\t\t\t\t\t\t<\/div>\n\t\t<\/div>\n\t\t\t\t<div class=\"elementor-column elementor-col-33 elementor-top-column elementor-element elementor-element-fc293d0\" data-id=\"fc293d0\" data-element_type=\"column\">\n\t\t\t<div class=\"elementor-widget-wrap elementor-element-populated\">\n\t\t\t\t\t\t\t\t<div class=\"elementor-element elementor-element-f7588e2 elementor-invisible elementor-widget elementor-widget-text-editor\" data-id=\"f7588e2\" data-element_type=\"widget\" data-settings=\"{&quot;_animation&quot;:&quot;fadeIn&quot;}\" data-widget_type=\"text-editor.default\">\n\t\t\t\t<div class=\"elementor-widget-container\">\n\t\t\t\t\t<div class=\"elementor-text-editor elementor-clearfix\">Dise\u00f1o y desarrollo de campa\u00f1as de marketing y comunicaci\u00f3n. Realizaci\u00f3n de spots publicitarios, dise\u00f1o de identidad de marca, campa\u00f1a de prensa y difusi\u00f3n, acciones en redes sociales, radio y televisi\u00f3n. Generamos estrategias de comunicaci\u00f3n seg\u00fan los objetivos y requerimientos de la marca o empresa, bas\u00e1ndonos principalmente en el \u00e1rea audiovisual, con un perfil creativo e innovador.<\/div>\n\t\t\t\t<\/div>\n\t\t\t\t<\/div>\n\t\t\t\t<div class=\"elementor-element elementor-element-31281c7 elementor-invisible elementor-widget elementor-widget-text-editor\" data-id=\"31281c7\" data-element_type=\"widget\" data-settings=\"{&quot;_animation&quot;:&quot;fadeIn&quot;}\" data-widget_type=\"text-editor.default\">\n\t\t\t\t<div class=\"elementor-widget-container\">\n\t\t\t\t\t<div class=\"elementor-text-editor elementor-clearfix\"><p><span style=\"letter-spacing: 1.1px;\">COMMERCIALS<\/span><br style=\"letter-spacing: 1.1px;\"><span style=\"letter-spacing: 1.1px;\">Responsible for Designing and Developing marketing and communication campaigns. Spot advertisements, identity branding design, press release campaigns and social media, radio and television advertisement. We create communication strategies according to the company goals and brand requirements focussed mainly on the audiovisual field with a creative and innovative profile.<\/span><br><\/p><\/div>\n\t\t\t\t<\/div>\n\t\t\t\t<\/div>\n\t\t\t\t<div class=\"elementor-element elementor-element-1c4ab3b elementor-align-center elementor-widget elementor-widget-button\" data-id=\"1c4ab3b\" data-element_type=\"widget\" data-settings=\"{&quot;_animation_tablet&quot;:&quot;slideInUp&quot;,&quot;_animation_mobile&quot;:&quot;slideInUp&quot;}\" data-widget_type=\"button.default\">\n\t\t\t\t<div class=\"elementor-widget-container\">\n\t\t\t\t\t<div class=\"elementor-button-wrapper\">\n\t\t\t<a href=\"https:\/\/plugmediatv.com\/index.php\/produccion-integral\/\" class=\"elementor-button-link elementor-button elementor-size-sm\" role=\"button\">\n\t\t\t\t\t\t<span class=\"elementor-button-content-wrapper\">\n\t\t\t\t\t\t<span class=\"elementor-button-text\">SEGUIR VIENDO<\/span>\n\t\t<\/span>\n\t\t\t\t\t<\/a>\n\t\t<\/div>\n\t\t\t\t<\/div>\n\t\t\t\t<\/div>\n\t\t\t\t\t<\/div>\n\t\t<\/div>\n\t\t\t\t<div class=\"elementor-column elementor-col-33 elementor-top-column elementor-element elementor-element-78971aa elementor-hidden-desktop elementor-hidden-tablet\" data-id=\"78971aa\" data-element_type=\"column\">\n\t\t\t<div class=\"elementor-widget-wrap\">\n\t\t\t\t\t\t\t\t\t<\/div>\n\t\t<\/div>\n\t\t\t\t\t\t\t<\/div>\n\t\t<\/section>\n\t\t\t\t\t\t<\/div>\n\t\t\t\t\t<\/div>\n\t\t","protected":false},"excerpt":{"rendered":"<p>[ STRETCH COMERCIAL Dise\u00f1o y desarrollo de campa\u00f1as de marketing y comunicaci\u00f3n. Realizaci\u00f3n de spots publicitarios, dise\u00f1o de identidad de marca, campa\u00f1a de prensa y difusi\u00f3n, acciones en redes sociales, radio y televisi\u00f3n. Generamos estrategias de comunicaci\u00f3n seg\u00fan los objetivos y requerimientos de la marca o empresa, bas\u00e1ndonos principalmente en el \u00e1rea audiovisual, con un [&hellip;]<\/p>\n","protected":false},"author":1,"featured_media":0,"parent":0,"menu_order":0,"comment_status":"closed","ping_status":"closed","template":"elementor_header_footer","meta":{"_monsterinsights_skip_tracking":false,"_monsterinsights_sitenote_active":false,"_monsterinsights_sitenote_note":"","_monsterinsights_sitenote_category":0},"yoast_head":"<!-- This site is optimized with the Yoast SEO plugin v16.2 - https:\/\/yoast.com\/wordpress\/plugins\/seo\/ -->\n<title>STRECH - plugmediatv<\/title>\n<meta name=\"robots\" content=\"index, follow, max-snippet:-1, max-image-preview:large, max-video-preview:-1\" \/>\n<link rel=\"canonical\" href=\"https:\/\/plugmediatv.com\/index.php\/strech\/\" \/>\n<meta property=\"og:locale\" content=\"en_US\" \/>\n<meta property=\"og:type\" content=\"article\" \/>\n<meta property=\"og:title\" content=\"STRECH - plugmediatv\" \/>\n<meta property=\"og:description\" content=\"[ STRETCH COMERCIAL Dise\u00f1o y desarrollo de campa\u00f1as de marketing y comunicaci\u00f3n. Realizaci\u00f3n de spots publicitarios, dise\u00f1o de identidad de marca, campa\u00f1a de prensa y difusi\u00f3n, acciones en redes sociales, radio y televisi\u00f3n. Generamos estrategias de comunicaci\u00f3n seg\u00fan los objetivos y requerimientos de la marca o empresa, bas\u00e1ndonos principalmente en el \u00e1rea audiovisual, con un [&hellip;]\" \/>\n<meta property=\"og:url\" content=\"https:\/\/plugmediatv.com\/index.php\/strech\/\" \/>\n<meta property=\"og:site_name\" content=\"plugmediatv\" \/>\n<meta property=\"article:modified_time\" content=\"2021-04-16T16:04:12+00:00\" \/>\n<meta name=\"twitter:card\" content=\"summary_large_image\" \/>\n<meta name=\"twitter:label1\" content=\"Est. reading time\">\n\t<meta name=\"twitter:data1\" content=\"1 minute\">\n<script type=\"application\/ld+json\" class=\"yoast-schema-graph\">{\"@context\":\"https:\/\/schema.org\",\"@graph\":[{\"@type\":\"WebSite\",\"@id\":\"https:\/\/plugmediatv.com\/#website\",\"url\":\"https:\/\/plugmediatv.com\/\",\"name\":\"plugmediatv\",\"description\":\"\",\"potentialAction\":[{\"@type\":\"SearchAction\",\"target\":\"https:\/\/plugmediatv.com\/?s={search_term_string}\",\"query-input\":\"required name=search_term_string\"}],\"inLanguage\":\"en-US\"},{\"@type\":\"WebPage\",\"@id\":\"https:\/\/plugmediatv.com\/index.php\/strech\/#webpage\",\"url\":\"https:\/\/plugmediatv.com\/index.php\/strech\/\",\"name\":\"STRECH - plugmediatv\",\"isPartOf\":{\"@id\":\"https:\/\/plugmediatv.com\/#website\"},\"datePublished\":\"2021-04-02T22:05:56+00:00\",\"dateModified\":\"2021-04-16T16:04:12+00:00\",\"breadcrumb\":{\"@id\":\"https:\/\/plugmediatv.com\/index.php\/strech\/#breadcrumb\"},\"inLanguage\":\"en-US\",\"potentialAction\":[{\"@type\":\"ReadAction\",\"target\":[\"https:\/\/plugmediatv.com\/index.php\/strech\/\"]}]},{\"@type\":\"BreadcrumbList\",\"@id\":\"https:\/\/plugmediatv.com\/index.php\/strech\/#breadcrumb\",\"itemListElement\":[{\"@type\":\"ListItem\",\"position\":1,\"item\":{\"@type\":\"WebPage\",\"@id\":\"https:\/\/plugmediatv.com\/\",\"url\":\"https:\/\/plugmediatv.com\/\",\"name\":\"Portada\"}},{\"@type\":\"ListItem\",\"position\":2,\"item\":{\"@id\":\"https:\/\/plugmediatv.com\/index.php\/strech\/#webpage\"}}]}]}<\/script>\n<!-- \/ Yoast SEO plugin. -->","_links":{"self":[{"href":"https:\/\/plugmediatv.com\/index.php\/wp-json\/wp\/v2\/pages\/578"}],"collection":[{"href":"https:\/\/plugmediatv.com\/index.php\/wp-json\/wp\/v2\/pages"}],"about":[{"href":"https:\/\/plugmediatv.com\/index.php\/wp-json\/wp\/v2\/types\/page"}],"author":[{"embeddable":true,"href":"https:\/\/plugmediatv.com\/index.php\/wp-json\/wp\/v2\/users\/1"}],"replies":[{"embeddable":true,"href":"https:\/\/plugmediatv.com\/index.php\/wp-json\/wp\/v2\/comments?post=578"}],"version-history":[{"count":48,"href":"https:\/\/plugmediatv.com\/index.php\/wp-json\/wp\/v2\/pages\/578\/revisions"}],"predecessor-version":[{"id":1469,"href":"https:\/\/plugmediatv.com\/index.php\/wp-json\/wp\/v2\/pages\/578\/revisions\/1469"}],"wp:attachment":[{"href":"https:\/\/plugmediatv.com\/index.php\/wp-json\/wp\/v2\/media?parent=578"}],"curies":[{"name":"wp","href":"https:\/\/api.w.org\/{rel}","templated":true}]}}