{"id":570,"date":"2021-04-02T22:01:53","date_gmt":"2021-04-02T22:01:53","guid":{"rendered":"https:\/\/plugmediatv.com\/?page_id=570"},"modified":"2021-04-16T14:48:54","modified_gmt":"2021-04-16T14:48:54","slug":"el-instante-trailer","status":"publish","type":"page","link":"https:\/\/plugmediatv.com\/index.php\/el-instante-trailer\/","title":{"rendered":"EL INSTANTE TRAILER"},"content":{"rendered":"\t\t<div data-elementor-type=\"wp-page\" data-elementor-id=\"570\" class=\"elementor elementor-570\" data-elementor-settings=\"[]\">\n\t\t\t\t\t\t\t<div class=\"elementor-section-wrap\">\n\t\t\t\t\t\t\t<section data-particle_enable=\"false\" data-particle-mobile-disabled=\"false\" class=\"elementor-section elementor-top-section elementor-element elementor-element-7d3ff68 elementor-section-full_width elementor-section-height-min-height elementor-section-height-default elementor-section-items-middle\" data-id=\"7d3ff68\" data-element_type=\"section\" data-settings=\"{&quot;background_background&quot;:&quot;classic&quot;}\">\n\t\t\t\t\t\t<div class=\"elementor-container elementor-column-gap-default\">\n\t\t\t\t\t<div class=\"elementor-column elementor-col-100 elementor-top-column elementor-element elementor-element-3b296b5\" data-id=\"3b296b5\" data-element_type=\"column\">\n\t\t\t<div class=\"elementor-widget-wrap elementor-element-populated\">\n\t\t\t\t\t\t\t\t<div class=\"elementor-element elementor-element-0b70848 elementor-widget elementor-widget-html\" data-id=\"0b70848\" data-element_type=\"widget\" data-widget_type=\"html.default\">\n\t\t\t\t<div class=\"elementor-widget-container\">\n\t\t\t<div style=\"padding:56.25% 0 0 0;position:relative;\"><iframe src=\"https:\/\/player.vimeo.com\/video\/531490182?autoplay=1&title=0&byline=0&portrait=0\" style=\"position:absolute;top:0;left:0;width:100%;height:100%;\" frameborder=\"0\" allow=\"autoplay; fullscreen; picture-in-picture\" allowfullscreen><\/iframe><\/div><script src=\"https:\/\/player.vimeo.com\/api\/player.js\"><\/script>\t\t<\/div>\n\t\t\t\t<\/div>\n\t\t\t\t\t<\/div>\n\t\t<\/div>\n\t\t\t\t\t\t\t<\/div>\n\t\t<\/section>\n\t\t\t\t<section data-particle_enable=\"false\" data-particle-mobile-disabled=\"false\" class=\"elementor-section elementor-top-section elementor-element elementor-element-507acd6 elementor-section-height-min-height elementor-section-boxed elementor-section-height-default elementor-section-items-middle\" data-id=\"507acd6\" data-element_type=\"section\">\n\t\t\t\t\t\t<div class=\"elementor-container elementor-column-gap-default\">\n\t\t\t\t\t<div class=\"elementor-column elementor-col-25 elementor-top-column elementor-element elementor-element-32e5ab7\" data-id=\"32e5ab7\" data-element_type=\"column\" data-settings=\"{&quot;animation_tablet&quot;:&quot;fadeIn&quot;,&quot;animation_mobile&quot;:&quot;fadeIn&quot;}\">\n\t\t\t<div class=\"elementor-widget-wrap elementor-element-populated\">\n\t\t\t\t\t\t\t\t<div class=\"elementor-element elementor-element-141c64e elementor-widget elementor-widget-heading\" data-id=\"141c64e\" data-element_type=\"widget\" data-widget_type=\"heading.default\">\n\t\t\t\t<div class=\"elementor-widget-container\">\n\t\t\t<h1 class=\"elementor-heading-title elementor-size-default\">[<\/h1>\t\t<\/div>\n\t\t\t\t<\/div>\n\t\t\t\t\t<\/div>\n\t\t<\/div>\n\t\t\t\t<div class=\"elementor-column elementor-col-25 elementor-top-column elementor-element elementor-element-0302bc4\" data-id=\"0302bc4\" data-element_type=\"column\" data-settings=\"{&quot;animation_tablet&quot;:&quot;fadeIn&quot;,&quot;animation_mobile&quot;:&quot;fadeIn&quot;}\">\n\t\t\t<div class=\"elementor-widget-wrap elementor-element-populated\">\n\t\t\t\t\t\t\t\t<div class=\"elementor-element elementor-element-e17b5de elementor-invisible elementor-widget elementor-widget-text-editor\" data-id=\"e17b5de\" data-element_type=\"widget\" data-settings=\"{&quot;_animation&quot;:&quot;fadeIn&quot;}\" data-widget_type=\"text-editor.default\">\n\t\t\t\t<div class=\"elementor-widget-container\">\n\t\t\t\t\t<div class=\"elementor-text-editor elementor-clearfix\"><p>EL INSTANTE<\/p><\/div>\n\t\t\t\t<\/div>\n\t\t\t\t<\/div>\n\t\t\t\t<div class=\"elementor-element elementor-element-2f603d9 elementor-invisible elementor-widget elementor-widget-text-editor\" data-id=\"2f603d9\" data-element_type=\"widget\" data-settings=\"{&quot;_animation&quot;:&quot;fadeIn&quot;}\" data-widget_type=\"text-editor.default\">\n\t\t\t\t<div class=\"elementor-widget-container\">\n\t\t\t\t\t<div class=\"elementor-text-editor elementor-clearfix\"><p><b>REALITY<\/b><\/p><\/div>\n\t\t\t\t<\/div>\n\t\t\t\t<\/div>\n\t\t\t\t\t<\/div>\n\t\t<\/div>\n\t\t\t\t<div class=\"elementor-column elementor-col-25 elementor-top-column elementor-element elementor-element-4592bf1\" data-id=\"4592bf1\" data-element_type=\"column\">\n\t\t\t<div class=\"elementor-widget-wrap\">\n\t\t\t\t\t\t\t\t\t<\/div>\n\t\t<\/div>\n\t\t\t\t<div class=\"elementor-column elementor-col-25 elementor-top-column elementor-element elementor-element-65f68c1 elementor-hidden-phone\" data-id=\"65f68c1\" data-element_type=\"column\">\n\t\t\t<div class=\"elementor-widget-wrap\">\n\t\t\t\t\t\t\t\t\t<\/div>\n\t\t<\/div>\n\t\t\t\t\t\t\t<\/div>\n\t\t<\/section>\n\t\t\t\t<section data-particle_enable=\"false\" data-particle-mobile-disabled=\"false\" class=\"elementor-section elementor-top-section elementor-element elementor-element-9c578e1 elementor-section-height-min-height elementor-section-boxed elementor-section-height-default elementor-section-items-middle\" data-id=\"9c578e1\" data-element_type=\"section\" data-settings=\"{&quot;animation_tablet&quot;:&quot;fadeIn&quot;,&quot;animation_mobile&quot;:&quot;fadeIn&quot;}\">\n\t\t\t\t\t\t<div class=\"elementor-container elementor-column-gap-default\">\n\t\t\t\t\t<div class=\"elementor-column elementor-col-33 elementor-top-column elementor-element elementor-element-e910750\" data-id=\"e910750\" data-element_type=\"column\">\n\t\t\t<div class=\"elementor-widget-wrap\">\n\t\t\t\t\t\t\t\t\t<\/div>\n\t\t<\/div>\n\t\t\t\t<div class=\"elementor-column elementor-col-33 elementor-top-column elementor-element elementor-element-077deae\" data-id=\"077deae\" data-element_type=\"column\">\n\t\t\t<div class=\"elementor-widget-wrap elementor-element-populated\">\n\t\t\t\t\t\t\t\t<div class=\"elementor-element elementor-element-fe313c2 elementor-invisible elementor-widget elementor-widget-text-editor\" data-id=\"fe313c2\" data-element_type=\"widget\" data-settings=\"{&quot;_animation&quot;:&quot;fadeIn&quot;}\" data-widget_type=\"text-editor.default\">\n\t\t\t\t<div class=\"elementor-widget-container\">\n\t\t\t\t\t<div class=\"elementor-text-editor elementor-clearfix\"><p>Serie reality que propone conocer la m\u00edstica detr\u00e1s del tel\u00f3n. Viv\u00ed junto a los m\u00fasicos la adrenalina, el nerviosismo y la excitaci\u00f3n que sienten antes de tocar. Esp\u00ede las c\u00e1balas, rituales y c\u00e1nticos que forman parte de la previa del show. El Instante te invita a conocer el backstage de una banda justo antes de subir alescenario.<\/p><p>Cap\u00edtulos de 20 minutos, cada uno con una banda o artista diferente.<\/p><\/div>\n\t\t\t\t<\/div>\n\t\t\t\t<\/div>\n\t\t\t\t<div class=\"elementor-element elementor-element-79eea50 elementor-invisible elementor-widget elementor-widget-text-editor\" data-id=\"79eea50\" data-element_type=\"widget\" data-settings=\"{&quot;_animation&quot;:&quot;fadeIn&quot;}\" data-widget_type=\"text-editor.default\">\n\t\t\t\t<div class=\"elementor-widget-container\">\n\t\t\t\t\t<div class=\"elementor-text-editor elementor-clearfix\"><p>THE INSTANT<br \/>A reality show which aims to portray the mystique behind the stage curtains. Lived the adrenaline, nervousness and excitement that musicians feel before playing. Spied on their lucky tokens, rituals and chantings, everything that takes place prior to the show. \u201cTHE INSTANT\u201d; invites you to discover the backstage just before the band<br \/>gets on stage.<\/p><p>20 minutes chapters. A different band or artist each time.<\/p><\/div>\n\t\t\t\t<\/div>\n\t\t\t\t<\/div>\n\t\t\t\t<div class=\"elementor-element elementor-element-600661c elementor-align-center elementor-widget elementor-widget-button\" data-id=\"600661c\" data-element_type=\"widget\" data-settings=\"{&quot;_animation_tablet&quot;:&quot;slideInUp&quot;,&quot;_animation_mobile&quot;:&quot;slideInUp&quot;}\" data-widget_type=\"button.default\">\n\t\t\t\t<div class=\"elementor-widget-container\">\n\t\t\t\t\t<div class=\"elementor-button-wrapper\">\n\t\t\t<a href=\"https:\/\/plugmediatv.com\/index.php\/produccion-integral\/\" class=\"elementor-button-link elementor-button elementor-size-sm\" role=\"button\">\n\t\t\t\t\t\t<span class=\"elementor-button-content-wrapper\">\n\t\t\t\t\t\t<span class=\"elementor-button-text\">SEGUIR VIENDO<\/span>\n\t\t<\/span>\n\t\t\t\t\t<\/a>\n\t\t<\/div>\n\t\t\t\t<\/div>\n\t\t\t\t<\/div>\n\t\t\t\t\t<\/div>\n\t\t<\/div>\n\t\t\t\t<div class=\"elementor-column elementor-col-33 elementor-top-column elementor-element elementor-element-67c2f8f elementor-hidden-desktop elementor-hidden-tablet\" data-id=\"67c2f8f\" data-element_type=\"column\">\n\t\t\t<div class=\"elementor-widget-wrap\">\n\t\t\t\t\t\t\t\t\t<\/div>\n\t\t<\/div>\n\t\t\t\t\t\t\t<\/div>\n\t\t<\/section>\n\t\t\t\t\t\t<\/div>\n\t\t\t\t\t<\/div>\n\t\t","protected":false},"excerpt":{"rendered":"<p>[ EL INSTANTE REALITY Serie reality que propone conocer la m\u00edstica detr\u00e1s del tel\u00f3n. Viv\u00ed junto a los m\u00fasicos la adrenalina, el nerviosismo y la excitaci\u00f3n que sienten antes de tocar. Esp\u00ede las c\u00e1balas, rituales y c\u00e1nticos que forman parte de la previa del show. El Instante te invita a conocer el backstage de una [&hellip;]<\/p>\n","protected":false},"author":1,"featured_media":0,"parent":0,"menu_order":0,"comment_status":"closed","ping_status":"closed","template":"elementor_header_footer","meta":{"_monsterinsights_skip_tracking":false,"_monsterinsights_sitenote_active":false,"_monsterinsights_sitenote_note":"","_monsterinsights_sitenote_category":0},"yoast_head":"<!-- This site is optimized with the Yoast SEO plugin v16.2 - https:\/\/yoast.com\/wordpress\/plugins\/seo\/ -->\n<title>EL INSTANTE TRAILER - plugmediatv<\/title>\n<meta name=\"robots\" content=\"index, follow, max-snippet:-1, max-image-preview:large, max-video-preview:-1\" \/>\n<link rel=\"canonical\" href=\"https:\/\/plugmediatv.com\/index.php\/el-instante-trailer\/\" \/>\n<meta property=\"og:locale\" content=\"en_US\" \/>\n<meta property=\"og:type\" content=\"article\" \/>\n<meta property=\"og:title\" content=\"EL INSTANTE TRAILER - plugmediatv\" \/>\n<meta property=\"og:description\" content=\"[ EL INSTANTE REALITY Serie reality que propone conocer la m\u00edstica detr\u00e1s del tel\u00f3n. Viv\u00ed junto a los m\u00fasicos la adrenalina, el nerviosismo y la excitaci\u00f3n que sienten antes de tocar. Esp\u00ede las c\u00e1balas, rituales y c\u00e1nticos que forman parte de la previa del show. El Instante te invita a conocer el backstage de una [&hellip;]\" \/>\n<meta property=\"og:url\" content=\"https:\/\/plugmediatv.com\/index.php\/el-instante-trailer\/\" \/>\n<meta property=\"og:site_name\" content=\"plugmediatv\" \/>\n<meta property=\"article:modified_time\" content=\"2021-04-16T14:48:54+00:00\" \/>\n<meta name=\"twitter:card\" content=\"summary_large_image\" \/>\n<meta name=\"twitter:label1\" content=\"Est. reading time\">\n\t<meta name=\"twitter:data1\" content=\"1 minute\">\n<script type=\"application\/ld+json\" class=\"yoast-schema-graph\">{\"@context\":\"https:\/\/schema.org\",\"@graph\":[{\"@type\":\"WebSite\",\"@id\":\"https:\/\/plugmediatv.com\/#website\",\"url\":\"https:\/\/plugmediatv.com\/\",\"name\":\"plugmediatv\",\"description\":\"\",\"potentialAction\":[{\"@type\":\"SearchAction\",\"target\":\"https:\/\/plugmediatv.com\/?s={search_term_string}\",\"query-input\":\"required name=search_term_string\"}],\"inLanguage\":\"en-US\"},{\"@type\":\"WebPage\",\"@id\":\"https:\/\/plugmediatv.com\/index.php\/el-instante-trailer\/#webpage\",\"url\":\"https:\/\/plugmediatv.com\/index.php\/el-instante-trailer\/\",\"name\":\"EL INSTANTE TRAILER - plugmediatv\",\"isPartOf\":{\"@id\":\"https:\/\/plugmediatv.com\/#website\"},\"datePublished\":\"2021-04-02T22:01:53+00:00\",\"dateModified\":\"2021-04-16T14:48:54+00:00\",\"breadcrumb\":{\"@id\":\"https:\/\/plugmediatv.com\/index.php\/el-instante-trailer\/#breadcrumb\"},\"inLanguage\":\"en-US\",\"potentialAction\":[{\"@type\":\"ReadAction\",\"target\":[\"https:\/\/plugmediatv.com\/index.php\/el-instante-trailer\/\"]}]},{\"@type\":\"BreadcrumbList\",\"@id\":\"https:\/\/plugmediatv.com\/index.php\/el-instante-trailer\/#breadcrumb\",\"itemListElement\":[{\"@type\":\"ListItem\",\"position\":1,\"item\":{\"@type\":\"WebPage\",\"@id\":\"https:\/\/plugmediatv.com\/\",\"url\":\"https:\/\/plugmediatv.com\/\",\"name\":\"Portada\"}},{\"@type\":\"ListItem\",\"position\":2,\"item\":{\"@id\":\"https:\/\/plugmediatv.com\/index.php\/el-instante-trailer\/#webpage\"}}]}]}<\/script>\n<!-- \/ Yoast SEO plugin. -->","_links":{"self":[{"href":"https:\/\/plugmediatv.com\/index.php\/wp-json\/wp\/v2\/pages\/570"}],"collection":[{"href":"https:\/\/plugmediatv.com\/index.php\/wp-json\/wp\/v2\/pages"}],"about":[{"href":"https:\/\/plugmediatv.com\/index.php\/wp-json\/wp\/v2\/types\/page"}],"author":[{"embeddable":true,"href":"https:\/\/plugmediatv.com\/index.php\/wp-json\/wp\/v2\/users\/1"}],"replies":[{"embeddable":true,"href":"https:\/\/plugmediatv.com\/index.php\/wp-json\/wp\/v2\/comments?post=570"}],"version-history":[{"count":79,"href":"https:\/\/plugmediatv.com\/index.php\/wp-json\/wp\/v2\/pages\/570\/revisions"}],"predecessor-version":[{"id":1445,"href":"https:\/\/plugmediatv.com\/index.php\/wp-json\/wp\/v2\/pages\/570\/revisions\/1445"}],"wp:attachment":[{"href":"https:\/\/plugmediatv.com\/index.php\/wp-json\/wp\/v2\/media?parent=570"}],"curies":[{"name":"wp","href":"https:\/\/api.w.org\/{rel}","templated":true}]}}