{"id":302,"date":"2021-04-01T02:42:27","date_gmt":"2021-04-01T02:42:27","guid":{"rendered":"https:\/\/plugmediatv.com\/?page_id=302"},"modified":"2021-04-16T14:39:41","modified_gmt":"2021-04-16T14:39:41","slug":"los-fenix","status":"publish","type":"page","link":"https:\/\/plugmediatv.com\/index.php\/los-fenix\/","title":{"rendered":"FENIX TRAILER"},"content":{"rendered":"\t\t<div data-elementor-type=\"wp-page\" data-elementor-id=\"302\" class=\"elementor elementor-302\" data-elementor-settings=\"[]\">\n\t\t\t\t\t\t\t<div class=\"elementor-section-wrap\">\n\t\t\t\t\t\t\t<section data-particle_enable=\"false\" data-particle-mobile-disabled=\"false\" class=\"elementor-section elementor-top-section elementor-element elementor-element-7d3ff68 elementor-section-full_width elementor-section-height-min-height elementor-section-height-default elementor-section-items-middle\" data-id=\"7d3ff68\" data-element_type=\"section\" data-settings=\"{&quot;background_background&quot;:&quot;classic&quot;}\">\n\t\t\t\t\t\t<div class=\"elementor-container elementor-column-gap-default\">\n\t\t\t\t\t<div class=\"elementor-column elementor-col-100 elementor-top-column elementor-element elementor-element-3b296b5\" data-id=\"3b296b5\" data-element_type=\"column\">\n\t\t\t<div class=\"elementor-widget-wrap elementor-element-populated\">\n\t\t\t\t\t\t\t\t<div class=\"elementor-element elementor-element-97a4b83 elementor-widget elementor-widget-html\" data-id=\"97a4b83\" data-element_type=\"widget\" data-widget_type=\"html.default\">\n\t\t\t\t<div class=\"elementor-widget-container\">\n\t\t\t<div style=\"padding:56.25% 0 0 0;position:relative;\"><iframe src=\"https:\/\/player.vimeo.com\/video\/529074095?autoplay=1&title=0&byline=0&portrait=0\" style=\"position:absolute;top:0;left:0;width:100%;height:100%;\" frameborder=\"0\" allow=\"autoplay; fullscreen; picture-in-picture\" allowfullscreen><\/iframe><\/div><script src=\"https:\/\/player.vimeo.com\/api\/player.js\"><\/script>\t\t<\/div>\n\t\t\t\t<\/div>\n\t\t\t\t\t<\/div>\n\t\t<\/div>\n\t\t\t\t\t\t\t<\/div>\n\t\t<\/section>\n\t\t\t\t<section data-particle_enable=\"false\" data-particle-mobile-disabled=\"false\" class=\"elementor-section elementor-top-section elementor-element elementor-element-38ee13b elementor-section-height-min-height elementor-section-boxed elementor-section-height-default elementor-section-items-middle\" data-id=\"38ee13b\" data-element_type=\"section\">\n\t\t\t\t\t\t<div class=\"elementor-container elementor-column-gap-default\">\n\t\t\t\t\t<div class=\"elementor-column elementor-col-25 elementor-top-column elementor-element elementor-element-89dca32\" data-id=\"89dca32\" data-element_type=\"column\" data-settings=\"{&quot;animation_tablet&quot;:&quot;fadeIn&quot;,&quot;animation_mobile&quot;:&quot;fadeIn&quot;}\">\n\t\t\t<div class=\"elementor-widget-wrap elementor-element-populated\">\n\t\t\t\t\t\t\t\t<div class=\"elementor-element elementor-element-6a3f51b elementor-widget elementor-widget-heading\" data-id=\"6a3f51b\" data-element_type=\"widget\" data-widget_type=\"heading.default\">\n\t\t\t\t<div class=\"elementor-widget-container\">\n\t\t\t<h1 class=\"elementor-heading-title elementor-size-default\">[<\/h1>\t\t<\/div>\n\t\t\t\t<\/div>\n\t\t\t\t\t<\/div>\n\t\t<\/div>\n\t\t\t\t<div class=\"elementor-column elementor-col-25 elementor-top-column elementor-element elementor-element-8ce058d\" data-id=\"8ce058d\" data-element_type=\"column\" data-settings=\"{&quot;animation_tablet&quot;:&quot;fadeIn&quot;,&quot;animation_mobile&quot;:&quot;fadeIn&quot;}\">\n\t\t\t<div class=\"elementor-widget-wrap elementor-element-populated\">\n\t\t\t\t\t\t\t\t<div class=\"elementor-element elementor-element-f0b25a2 elementor-invisible elementor-widget elementor-widget-text-editor\" data-id=\"f0b25a2\" data-element_type=\"widget\" data-settings=\"{&quot;_animation&quot;:&quot;fadeIn&quot;}\" data-widget_type=\"text-editor.default\">\n\t\t\t\t<div class=\"elementor-widget-container\">\n\t\t\t\t\t<div class=\"elementor-text-editor elementor-clearfix\"><p>LOS FENIX DE MANDINGA: DEL FUEGO A LA RESURRECCI\u00d3N<\/p><\/div>\n\t\t\t\t<\/div>\n\t\t\t\t<\/div>\n\t\t\t\t<div class=\"elementor-element elementor-element-85f1f5f elementor-invisible elementor-widget elementor-widget-text-editor\" data-id=\"85f1f5f\" data-element_type=\"widget\" data-settings=\"{&quot;_animation&quot;:&quot;fadeIn&quot;}\" data-widget_type=\"text-editor.default\">\n\t\t\t\t<div class=\"elementor-widget-container\">\n\t\t\t\t\t<div class=\"elementor-text-editor elementor-clearfix\"><p><b>DOCUMENTAL<\/b><\/p><\/div>\n\t\t\t\t<\/div>\n\t\t\t\t<\/div>\n\t\t\t\t\t<\/div>\n\t\t<\/div>\n\t\t\t\t<div class=\"elementor-column elementor-col-25 elementor-top-column elementor-element elementor-element-eef7d53\" data-id=\"eef7d53\" data-element_type=\"column\">\n\t\t\t<div class=\"elementor-widget-wrap\">\n\t\t\t\t\t\t\t\t\t<\/div>\n\t\t<\/div>\n\t\t\t\t<div class=\"elementor-column elementor-col-25 elementor-top-column elementor-element elementor-element-ab42398 elementor-hidden-phone\" data-id=\"ab42398\" data-element_type=\"column\">\n\t\t\t<div class=\"elementor-widget-wrap\">\n\t\t\t\t\t\t\t\t\t<\/div>\n\t\t<\/div>\n\t\t\t\t\t\t\t<\/div>\n\t\t<\/section>\n\t\t\t\t<section data-particle_enable=\"false\" data-particle-mobile-disabled=\"false\" class=\"elementor-section elementor-top-section elementor-element elementor-element-d753c46 elementor-section-height-min-height elementor-section-boxed elementor-section-height-default elementor-section-items-middle\" data-id=\"d753c46\" data-element_type=\"section\" data-settings=\"{&quot;animation_tablet&quot;:&quot;fadeIn&quot;,&quot;animation_mobile&quot;:&quot;fadeIn&quot;}\">\n\t\t\t\t\t\t<div class=\"elementor-container elementor-column-gap-default\">\n\t\t\t\t\t<div class=\"elementor-column elementor-col-33 elementor-top-column elementor-element elementor-element-d0156c9\" data-id=\"d0156c9\" data-element_type=\"column\">\n\t\t\t<div class=\"elementor-widget-wrap\">\n\t\t\t\t\t\t\t\t\t<\/div>\n\t\t<\/div>\n\t\t\t\t<div class=\"elementor-column elementor-col-33 elementor-top-column elementor-element elementor-element-df9f35b\" data-id=\"df9f35b\" data-element_type=\"column\">\n\t\t\t<div class=\"elementor-widget-wrap elementor-element-populated\">\n\t\t\t\t\t\t\t\t<div class=\"elementor-element elementor-element-546c02b elementor-invisible elementor-widget elementor-widget-text-editor\" data-id=\"546c02b\" data-element_type=\"widget\" data-settings=\"{&quot;_animation&quot;:&quot;fadeIn&quot;}\" data-widget_type=\"text-editor.default\">\n\t\t\t\t<div class=\"elementor-widget-container\">\n\t\t\t\t\t<div class=\"elementor-text-editor elementor-clearfix\"><p><span style=\"letter-spacing: 1.1px;\">Documental que retrata lo que significa verdaderamente la resiliencia. \u00bfC\u00f3mo es vivir con la mitad del cuerpo quemado? Testimonios reales que narran el proceso por el cual transformaron bullying, discriminaci\u00f3n y violencia en empat\u00eda, admiraci\u00f3n, y arte, a trav\u00e9s de los tatuajes sanadores.<\/span><\/p><\/div>\n\t\t\t\t<\/div>\n\t\t\t\t<\/div>\n\t\t\t\t<div class=\"elementor-element elementor-element-d5f50ab elementor-invisible elementor-widget elementor-widget-text-editor\" data-id=\"d5f50ab\" data-element_type=\"widget\" data-settings=\"{&quot;_animation&quot;:&quot;fadeIn&quot;}\" data-widget_type=\"text-editor.default\">\n\t\t\t\t<div class=\"elementor-widget-container\">\n\t\t\t\t\t<div class=\"elementor-text-editor elementor-clearfix\"><p><span style=\"letter-spacing: 1.1px;\">THE PHOENIX OF MANDINGA: FROM FIRE TO RESURRECTION<\/span><br style=\"letter-spacing: 1.1px;\" \/><span style=\"letter-spacing: 1.1px;\">A documentary which portrays what resilience truly means. How is it to live with a half-burnt body? Real testimonies which depict the process of transforming bullying, descrimination and violence into admiration, self-esteem and art through healing<\/span><br style=\"letter-spacing: 1.1px;\" \/><span style=\"letter-spacing: 1.1px;\">tattoos.<\/span><\/p><\/div>\n\t\t\t\t<\/div>\n\t\t\t\t<\/div>\n\t\t\t\t<div class=\"elementor-element elementor-element-089f311 elementor-align-center elementor-widget elementor-widget-button\" data-id=\"089f311\" data-element_type=\"widget\" data-settings=\"{&quot;_animation_tablet&quot;:&quot;slideInUp&quot;,&quot;_animation_mobile&quot;:&quot;slideInUp&quot;}\" data-widget_type=\"button.default\">\n\t\t\t\t<div class=\"elementor-widget-container\">\n\t\t\t\t\t<div class=\"elementor-button-wrapper\">\n\t\t\t<a href=\"https:\/\/plugmediatv.com\/index.php\/produccion-integral\/\" class=\"elementor-button-link elementor-button elementor-size-sm\" role=\"button\">\n\t\t\t\t\t\t<span class=\"elementor-button-content-wrapper\">\n\t\t\t\t\t\t<span class=\"elementor-button-text\">SEGUIR VIENDO<\/span>\n\t\t<\/span>\n\t\t\t\t\t<\/a>\n\t\t<\/div>\n\t\t\t\t<\/div>\n\t\t\t\t<\/div>\n\t\t\t\t\t<\/div>\n\t\t<\/div>\n\t\t\t\t<div class=\"elementor-column elementor-col-33 elementor-top-column elementor-element elementor-element-ba0634c elementor-hidden-desktop elementor-hidden-tablet\" data-id=\"ba0634c\" data-element_type=\"column\">\n\t\t\t<div class=\"elementor-widget-wrap\">\n\t\t\t\t\t\t\t\t\t<\/div>\n\t\t<\/div>\n\t\t\t\t\t\t\t<\/div>\n\t\t<\/section>\n\t\t\t\t\t\t<\/div>\n\t\t\t\t\t<\/div>\n\t\t","protected":false},"excerpt":{"rendered":"<p>[ LOS FENIX DE MANDINGA: DEL FUEGO A LA RESURRECCI\u00d3N DOCUMENTAL Documental que retrata lo que significa verdaderamente la resiliencia. \u00bfC\u00f3mo es vivir con la mitad del cuerpo quemado? Testimonios reales que narran el proceso por el cual transformaron bullying, discriminaci\u00f3n y violencia en empat\u00eda, admiraci\u00f3n, y arte, a trav\u00e9s de los tatuajes sanadores. THE [&hellip;]<\/p>\n","protected":false},"author":1,"featured_media":0,"parent":0,"menu_order":0,"comment_status":"closed","ping_status":"closed","template":"elementor_header_footer","meta":{"_monsterinsights_skip_tracking":false,"_monsterinsights_sitenote_active":false,"_monsterinsights_sitenote_note":"","_monsterinsights_sitenote_category":0},"yoast_head":"<!-- This site is optimized with the Yoast SEO plugin v16.2 - https:\/\/yoast.com\/wordpress\/plugins\/seo\/ -->\n<title>FENIX TRAILER - plugmediatv<\/title>\n<meta name=\"robots\" content=\"index, follow, max-snippet:-1, max-image-preview:large, max-video-preview:-1\" \/>\n<link rel=\"canonical\" href=\"https:\/\/plugmediatv.com\/index.php\/los-fenix\/\" \/>\n<meta property=\"og:locale\" content=\"en_US\" \/>\n<meta property=\"og:type\" content=\"article\" \/>\n<meta property=\"og:title\" content=\"FENIX TRAILER - plugmediatv\" \/>\n<meta property=\"og:description\" content=\"[ LOS FENIX DE MANDINGA: DEL FUEGO A LA RESURRECCI\u00d3N DOCUMENTAL Documental que retrata lo que significa verdaderamente la resiliencia. \u00bfC\u00f3mo es vivir con la mitad del cuerpo quemado? Testimonios reales que narran el proceso por el cual transformaron bullying, discriminaci\u00f3n y violencia en empat\u00eda, admiraci\u00f3n, y arte, a trav\u00e9s de los tatuajes sanadores. THE [&hellip;]\" \/>\n<meta property=\"og:url\" content=\"https:\/\/plugmediatv.com\/index.php\/los-fenix\/\" \/>\n<meta property=\"og:site_name\" content=\"plugmediatv\" \/>\n<meta property=\"article:modified_time\" content=\"2021-04-16T14:39:41+00:00\" \/>\n<meta name=\"twitter:card\" content=\"summary_large_image\" \/>\n<meta name=\"twitter:label1\" content=\"Est. reading time\">\n\t<meta name=\"twitter:data1\" content=\"1 minute\">\n<script type=\"application\/ld+json\" class=\"yoast-schema-graph\">{\"@context\":\"https:\/\/schema.org\",\"@graph\":[{\"@type\":\"WebSite\",\"@id\":\"https:\/\/plugmediatv.com\/#website\",\"url\":\"https:\/\/plugmediatv.com\/\",\"name\":\"plugmediatv\",\"description\":\"\",\"potentialAction\":[{\"@type\":\"SearchAction\",\"target\":\"https:\/\/plugmediatv.com\/?s={search_term_string}\",\"query-input\":\"required name=search_term_string\"}],\"inLanguage\":\"en-US\"},{\"@type\":\"WebPage\",\"@id\":\"https:\/\/plugmediatv.com\/index.php\/los-fenix\/#webpage\",\"url\":\"https:\/\/plugmediatv.com\/index.php\/los-fenix\/\",\"name\":\"FENIX TRAILER - plugmediatv\",\"isPartOf\":{\"@id\":\"https:\/\/plugmediatv.com\/#website\"},\"datePublished\":\"2021-04-01T02:42:27+00:00\",\"dateModified\":\"2021-04-16T14:39:41+00:00\",\"breadcrumb\":{\"@id\":\"https:\/\/plugmediatv.com\/index.php\/los-fenix\/#breadcrumb\"},\"inLanguage\":\"en-US\",\"potentialAction\":[{\"@type\":\"ReadAction\",\"target\":[\"https:\/\/plugmediatv.com\/index.php\/los-fenix\/\"]}]},{\"@type\":\"BreadcrumbList\",\"@id\":\"https:\/\/plugmediatv.com\/index.php\/los-fenix\/#breadcrumb\",\"itemListElement\":[{\"@type\":\"ListItem\",\"position\":1,\"item\":{\"@type\":\"WebPage\",\"@id\":\"https:\/\/plugmediatv.com\/\",\"url\":\"https:\/\/plugmediatv.com\/\",\"name\":\"Portada\"}},{\"@type\":\"ListItem\",\"position\":2,\"item\":{\"@id\":\"https:\/\/plugmediatv.com\/index.php\/los-fenix\/#webpage\"}}]}]}<\/script>\n<!-- \/ Yoast SEO plugin. -->","_links":{"self":[{"href":"https:\/\/plugmediatv.com\/index.php\/wp-json\/wp\/v2\/pages\/302"}],"collection":[{"href":"https:\/\/plugmediatv.com\/index.php\/wp-json\/wp\/v2\/pages"}],"about":[{"href":"https:\/\/plugmediatv.com\/index.php\/wp-json\/wp\/v2\/types\/page"}],"author":[{"embeddable":true,"href":"https:\/\/plugmediatv.com\/index.php\/wp-json\/wp\/v2\/users\/1"}],"replies":[{"embeddable":true,"href":"https:\/\/plugmediatv.com\/index.php\/wp-json\/wp\/v2\/comments?post=302"}],"version-history":[{"count":100,"href":"https:\/\/plugmediatv.com\/index.php\/wp-json\/wp\/v2\/pages\/302\/revisions"}],"predecessor-version":[{"id":1430,"href":"https:\/\/plugmediatv.com\/index.php\/wp-json\/wp\/v2\/pages\/302\/revisions\/1430"}],"wp:attachment":[{"href":"https:\/\/plugmediatv.com\/index.php\/wp-json\/wp\/v2\/media?parent=302"}],"curies":[{"name":"wp","href":"https:\/\/api.w.org\/{rel}","templated":true}]}}