{"id":1658,"date":"2023-04-01T19:51:25","date_gmt":"2023-04-01T19:51:25","guid":{"rendered":"https:\/\/plugmediatv.com\/?page_id=1658"},"modified":"2023-04-01T19:58:15","modified_gmt":"2023-04-01T19:58:15","slug":"mma","status":"publish","type":"page","link":"https:\/\/plugmediatv.com\/index.php\/mma\/","title":{"rendered":"MMA"},"content":{"rendered":"\t\t<div data-elementor-type=\"wp-page\" data-elementor-id=\"1658\" class=\"elementor elementor-1658\" data-elementor-settings=\"[]\">\n\t\t\t\t\t\t\t<div class=\"elementor-section-wrap\">\n\t\t\t\t\t\t\t<section data-particle_enable=\"false\" data-particle-mobile-disabled=\"false\" class=\"elementor-section elementor-top-section elementor-element elementor-element-7d3ff68 elementor-section-full_width elementor-section-height-min-height elementor-section-height-default elementor-section-items-middle\" data-id=\"7d3ff68\" data-element_type=\"section\" data-settings=\"{&quot;background_background&quot;:&quot;classic&quot;}\">\n\t\t\t\t\t\t<div class=\"elementor-container elementor-column-gap-default\">\n\t\t\t\t\t<div class=\"elementor-column elementor-col-100 elementor-top-column elementor-element elementor-element-3b296b5\" data-id=\"3b296b5\" data-element_type=\"column\">\n\t\t\t<div class=\"elementor-widget-wrap elementor-element-populated\">\n\t\t\t\t\t\t\t\t<div class=\"elementor-element elementor-element-0b70848 elementor-widget elementor-widget-html\" data-id=\"0b70848\" data-element_type=\"widget\" data-widget_type=\"html.default\">\n\t\t\t\t<div class=\"elementor-widget-container\">\n\t\t\t<div style=\"padding:56.25% 0 0 0;position:relative;\"><iframe src=\" https:\/\/player.vimeo.com\/video\/806555884?h=296cf012f6&autoplay=1&title=0&byline=0&portrait=0\" style=\"position:absolute;top:0;left:0;width:100%;height:100%;\" frameborder=\"0\" allow=\"autoplay; fullscreen; picture-in-picture\" allowfullscreen><\/iframe><\/div><script src=\"https:\/\/player.vimeo.com\/api\/player.js\"><\/script>\t\t<\/div>\n\t\t\t\t<\/div>\n\t\t\t\t\t<\/div>\n\t\t<\/div>\n\t\t\t\t\t\t\t<\/div>\n\t\t<\/section>\n\t\t\t\t<section data-particle_enable=\"false\" data-particle-mobile-disabled=\"false\" class=\"elementor-section elementor-top-section elementor-element elementor-element-507acd6 elementor-section-height-min-height elementor-section-boxed elementor-section-height-default elementor-section-items-middle\" data-id=\"507acd6\" data-element_type=\"section\">\n\t\t\t\t\t\t<div class=\"elementor-container elementor-column-gap-default\">\n\t\t\t\t\t<div class=\"elementor-column elementor-col-25 elementor-top-column elementor-element elementor-element-32e5ab7\" data-id=\"32e5ab7\" data-element_type=\"column\" data-settings=\"{&quot;animation_tablet&quot;:&quot;fadeIn&quot;,&quot;animation_mobile&quot;:&quot;fadeIn&quot;}\">\n\t\t\t<div class=\"elementor-widget-wrap elementor-element-populated\">\n\t\t\t\t\t\t\t\t<div class=\"elementor-element elementor-element-141c64e elementor-widget elementor-widget-heading\" data-id=\"141c64e\" data-element_type=\"widget\" data-widget_type=\"heading.default\">\n\t\t\t\t<div class=\"elementor-widget-container\">\n\t\t\t<h1 class=\"elementor-heading-title elementor-size-default\">[<\/h1>\t\t<\/div>\n\t\t\t\t<\/div>\n\t\t\t\t\t<\/div>\n\t\t<\/div>\n\t\t\t\t<div class=\"elementor-column elementor-col-25 elementor-top-column elementor-element elementor-element-0302bc4\" data-id=\"0302bc4\" data-element_type=\"column\" data-settings=\"{&quot;animation_tablet&quot;:&quot;fadeIn&quot;,&quot;animation_mobile&quot;:&quot;fadeIn&quot;}\">\n\t\t\t<div class=\"elementor-widget-wrap elementor-element-populated\">\n\t\t\t\t\t\t\t\t<div class=\"elementor-element elementor-element-e17b5de elementor-invisible elementor-widget elementor-widget-text-editor\" data-id=\"e17b5de\" data-element_type=\"widget\" data-settings=\"{&quot;_animation&quot;:&quot;fadeIn&quot;}\" data-widget_type=\"text-editor.default\">\n\t\t\t\t<div class=\"elementor-widget-container\">\n\t\t\t\t\t<div class=\"elementor-text-editor elementor-clearfix\"><p>MMA<\/p><\/div>\n\t\t\t\t<\/div>\n\t\t\t\t<\/div>\n\t\t\t\t<div class=\"elementor-element elementor-element-2f603d9 elementor-invisible elementor-widget elementor-widget-text-editor\" data-id=\"2f603d9\" data-element_type=\"widget\" data-settings=\"{&quot;_animation&quot;:&quot;fadeIn&quot;}\" data-widget_type=\"text-editor.default\">\n\t\t\t\t<div class=\"elementor-widget-container\">\n\t\t\t\t\t<div class=\"elementor-text-editor elementor-clearfix\"><p><b>CANAL DE LA CIUDAD<\/b><\/p><\/div>\n\t\t\t\t<\/div>\n\t\t\t\t<\/div>\n\t\t\t\t\t<\/div>\n\t\t<\/div>\n\t\t\t\t<div class=\"elementor-column elementor-col-25 elementor-top-column elementor-element elementor-element-4592bf1\" data-id=\"4592bf1\" data-element_type=\"column\">\n\t\t\t<div class=\"elementor-widget-wrap\">\n\t\t\t\t\t\t\t\t\t<\/div>\n\t\t<\/div>\n\t\t\t\t<div class=\"elementor-column elementor-col-25 elementor-top-column elementor-element elementor-element-65f68c1 elementor-hidden-phone\" data-id=\"65f68c1\" data-element_type=\"column\">\n\t\t\t<div class=\"elementor-widget-wrap\">\n\t\t\t\t\t\t\t\t\t<\/div>\n\t\t<\/div>\n\t\t\t\t\t\t\t<\/div>\n\t\t<\/section>\n\t\t\t\t<section data-particle_enable=\"false\" data-particle-mobile-disabled=\"false\" class=\"elementor-section elementor-top-section elementor-element elementor-element-9c578e1 elementor-section-height-min-height elementor-section-boxed elementor-section-height-default elementor-section-items-middle\" data-id=\"9c578e1\" data-element_type=\"section\" data-settings=\"{&quot;animation_tablet&quot;:&quot;fadeIn&quot;,&quot;animation_mobile&quot;:&quot;fadeIn&quot;}\">\n\t\t\t\t\t\t<div class=\"elementor-container elementor-column-gap-default\">\n\t\t\t\t\t<div class=\"elementor-column elementor-col-33 elementor-top-column elementor-element elementor-element-e910750\" data-id=\"e910750\" data-element_type=\"column\">\n\t\t\t<div class=\"elementor-widget-wrap\">\n\t\t\t\t\t\t\t\t\t<\/div>\n\t\t<\/div>\n\t\t\t\t<div class=\"elementor-column elementor-col-33 elementor-top-column elementor-element elementor-element-077deae\" data-id=\"077deae\" data-element_type=\"column\">\n\t\t\t<div class=\"elementor-widget-wrap elementor-element-populated\">\n\t\t\t\t\t\t\t\t<div class=\"elementor-element elementor-element-fe313c2 elementor-invisible elementor-widget elementor-widget-text-editor\" data-id=\"fe313c2\" data-element_type=\"widget\" data-settings=\"{&quot;_animation&quot;:&quot;fadeIn&quot;}\" data-widget_type=\"text-editor.default\">\n\t\t\t\t<div class=\"elementor-widget-container\">\n\t\t\t\t\t<div class=\"elementor-text-editor elementor-clearfix\">Las artes marciales son mucho m\u00e1s que un deporte de combate. Se trata de una disciplina milenaria que conlleva una filosof\u00eda de vida donde los valores como el respeto, la perseverancia y la convicci\u00f3n son sus pilares fundamentales. La serie se enfoca principalmente en las historias de los luchadores y luchadoras de MMA, mostrando el camino de pasi\u00f3n y sacrificio que se esconde detr\u00e1s de cada pelea. <\/div>\n\t\t\t\t<\/div>\n\t\t\t\t<\/div>\n\t\t\t\t<div class=\"elementor-element elementor-element-79eea50 elementor-invisible elementor-widget elementor-widget-text-editor\" data-id=\"79eea50\" data-element_type=\"widget\" data-settings=\"{&quot;_animation&quot;:&quot;fadeIn&quot;}\" data-widget_type=\"text-editor.default\">\n\t\t\t\t<div class=\"elementor-widget-container\">\n\t\t\t\t\t<div class=\"elementor-text-editor elementor-clearfix\">Mix Martial Arts are so much more than a combat sport. It is an ancient discipline that entails a life philosophy where values such as respect, perseverance and conviction are its fundamental axes. The series focuses mainly on the stories of MMA fighters, showing the path of passion and sacrifice that lies behind each fight.<\/div>\n\t\t\t\t<\/div>\n\t\t\t\t<\/div>\n\t\t\t\t<div class=\"elementor-element elementor-element-600661c elementor-align-center elementor-widget elementor-widget-button\" data-id=\"600661c\" data-element_type=\"widget\" data-settings=\"{&quot;_animation_tablet&quot;:&quot;slideInUp&quot;,&quot;_animation_mobile&quot;:&quot;slideInUp&quot;}\" data-widget_type=\"button.default\">\n\t\t\t\t<div class=\"elementor-widget-container\">\n\t\t\t\t\t<div class=\"elementor-button-wrapper\">\n\t\t\t<a href=\"https:\/\/plugmediatv.com\/index.php\/produccion-integral\/\" class=\"elementor-button-link elementor-button elementor-size-sm\" role=\"button\">\n\t\t\t\t\t\t<span class=\"elementor-button-content-wrapper\">\n\t\t\t\t\t\t<span class=\"elementor-button-text\">SEGUIR VIENDO<\/span>\n\t\t<\/span>\n\t\t\t\t\t<\/a>\n\t\t<\/div>\n\t\t\t\t<\/div>\n\t\t\t\t<\/div>\n\t\t\t\t\t<\/div>\n\t\t<\/div>\n\t\t\t\t<div class=\"elementor-column elementor-col-33 elementor-top-column elementor-element elementor-element-67c2f8f elementor-hidden-desktop elementor-hidden-tablet\" data-id=\"67c2f8f\" data-element_type=\"column\">\n\t\t\t<div class=\"elementor-widget-wrap\">\n\t\t\t\t\t\t\t\t\t<\/div>\n\t\t<\/div>\n\t\t\t\t\t\t\t<\/div>\n\t\t<\/section>\n\t\t\t\t\t\t<\/div>\n\t\t\t\t\t<\/div>\n\t\t","protected":false},"excerpt":{"rendered":"<p>[ MMA CANAL DE LA CIUDAD Las artes marciales son mucho m\u00e1s que un deporte de combate. Se trata de una disciplina milenaria que conlleva una filosof\u00eda de vida donde los valores como el respeto, la perseverancia y la convicci\u00f3n son sus pilares fundamentales. La serie se enfoca principalmente en las historias de los luchadores [&hellip;]<\/p>\n","protected":false},"author":1,"featured_media":0,"parent":0,"menu_order":0,"comment_status":"closed","ping_status":"closed","template":"elementor_header_footer","meta":{"_monsterinsights_skip_tracking":false,"_monsterinsights_sitenote_active":false,"_monsterinsights_sitenote_note":"","_monsterinsights_sitenote_category":0},"yoast_head":"<!-- This site is optimized with the Yoast SEO plugin v16.2 - https:\/\/yoast.com\/wordpress\/plugins\/seo\/ -->\n<title>MMA - plugmediatv<\/title>\n<meta name=\"robots\" content=\"index, follow, max-snippet:-1, max-image-preview:large, max-video-preview:-1\" \/>\n<link rel=\"canonical\" href=\"https:\/\/plugmediatv.com\/index.php\/mma\/\" \/>\n<meta property=\"og:locale\" content=\"en_US\" \/>\n<meta property=\"og:type\" content=\"article\" \/>\n<meta property=\"og:title\" content=\"MMA - plugmediatv\" \/>\n<meta property=\"og:description\" content=\"[ MMA CANAL DE LA CIUDAD Las artes marciales son mucho m\u00e1s que un deporte de combate. Se trata de una disciplina milenaria que conlleva una filosof\u00eda de vida donde los valores como el respeto, la perseverancia y la convicci\u00f3n son sus pilares fundamentales. La serie se enfoca principalmente en las historias de los luchadores [&hellip;]\" \/>\n<meta property=\"og:url\" content=\"https:\/\/plugmediatv.com\/index.php\/mma\/\" \/>\n<meta property=\"og:site_name\" content=\"plugmediatv\" \/>\n<meta property=\"article:modified_time\" content=\"2023-04-01T19:58:15+00:00\" \/>\n<meta name=\"twitter:card\" content=\"summary_large_image\" \/>\n<meta name=\"twitter:label1\" content=\"Est. reading time\">\n\t<meta name=\"twitter:data1\" content=\"1 minute\">\n<script type=\"application\/ld+json\" class=\"yoast-schema-graph\">{\"@context\":\"https:\/\/schema.org\",\"@graph\":[{\"@type\":\"WebSite\",\"@id\":\"https:\/\/plugmediatv.com\/#website\",\"url\":\"https:\/\/plugmediatv.com\/\",\"name\":\"plugmediatv\",\"description\":\"\",\"potentialAction\":[{\"@type\":\"SearchAction\",\"target\":\"https:\/\/plugmediatv.com\/?s={search_term_string}\",\"query-input\":\"required name=search_term_string\"}],\"inLanguage\":\"en-US\"},{\"@type\":\"WebPage\",\"@id\":\"https:\/\/plugmediatv.com\/index.php\/mma\/#webpage\",\"url\":\"https:\/\/plugmediatv.com\/index.php\/mma\/\",\"name\":\"MMA - plugmediatv\",\"isPartOf\":{\"@id\":\"https:\/\/plugmediatv.com\/#website\"},\"datePublished\":\"2023-04-01T19:51:25+00:00\",\"dateModified\":\"2023-04-01T19:58:15+00:00\",\"breadcrumb\":{\"@id\":\"https:\/\/plugmediatv.com\/index.php\/mma\/#breadcrumb\"},\"inLanguage\":\"en-US\",\"potentialAction\":[{\"@type\":\"ReadAction\",\"target\":[\"https:\/\/plugmediatv.com\/index.php\/mma\/\"]}]},{\"@type\":\"BreadcrumbList\",\"@id\":\"https:\/\/plugmediatv.com\/index.php\/mma\/#breadcrumb\",\"itemListElement\":[{\"@type\":\"ListItem\",\"position\":1,\"item\":{\"@type\":\"WebPage\",\"@id\":\"https:\/\/plugmediatv.com\/\",\"url\":\"https:\/\/plugmediatv.com\/\",\"name\":\"Portada\"}},{\"@type\":\"ListItem\",\"position\":2,\"item\":{\"@id\":\"https:\/\/plugmediatv.com\/index.php\/mma\/#webpage\"}}]}]}<\/script>\n<!-- \/ Yoast SEO plugin. -->","_links":{"self":[{"href":"https:\/\/plugmediatv.com\/index.php\/wp-json\/wp\/v2\/pages\/1658"}],"collection":[{"href":"https:\/\/plugmediatv.com\/index.php\/wp-json\/wp\/v2\/pages"}],"about":[{"href":"https:\/\/plugmediatv.com\/index.php\/wp-json\/wp\/v2\/types\/page"}],"author":[{"embeddable":true,"href":"https:\/\/plugmediatv.com\/index.php\/wp-json\/wp\/v2\/users\/1"}],"replies":[{"embeddable":true,"href":"https:\/\/plugmediatv.com\/index.php\/wp-json\/wp\/v2\/comments?post=1658"}],"version-history":[{"count":4,"href":"https:\/\/plugmediatv.com\/index.php\/wp-json\/wp\/v2\/pages\/1658\/revisions"}],"predecessor-version":[{"id":1663,"href":"https:\/\/plugmediatv.com\/index.php\/wp-json\/wp\/v2\/pages\/1658\/revisions\/1663"}],"wp:attachment":[{"href":"https:\/\/plugmediatv.com\/index.php\/wp-json\/wp\/v2\/media?parent=1658"}],"curies":[{"name":"wp","href":"https:\/\/api.w.org\/{rel}","templated":true}]}}