{"id":1647,"date":"2023-04-01T19:38:59","date_gmt":"2023-04-01T19:38:59","guid":{"rendered":"https:\/\/plugmediatv.com\/?page_id=1647"},"modified":"2023-04-01T20:02:13","modified_gmt":"2023-04-01T20:02:13","slug":"juego-y-gambeta","status":"publish","type":"page","link":"https:\/\/plugmediatv.com\/index.php\/juego-y-gambeta\/","title":{"rendered":"JUEGO Y GAMBETA"},"content":{"rendered":"\t\t<div data-elementor-type=\"wp-page\" data-elementor-id=\"1647\" class=\"elementor elementor-1647\" data-elementor-settings=\"[]\">\n\t\t\t\t\t\t\t<div class=\"elementor-section-wrap\">\n\t\t\t\t\t\t\t<section data-particle_enable=\"false\" data-particle-mobile-disabled=\"false\" class=\"elementor-section elementor-top-section elementor-element elementor-element-7d3ff68 elementor-section-full_width elementor-section-height-min-height elementor-section-height-default elementor-section-items-middle\" data-id=\"7d3ff68\" data-element_type=\"section\" data-settings=\"{&quot;background_background&quot;:&quot;classic&quot;}\">\n\t\t\t\t\t\t<div class=\"elementor-container elementor-column-gap-default\">\n\t\t\t\t\t<div class=\"elementor-column elementor-col-100 elementor-top-column elementor-element elementor-element-3b296b5\" data-id=\"3b296b5\" data-element_type=\"column\">\n\t\t\t<div class=\"elementor-widget-wrap elementor-element-populated\">\n\t\t\t\t\t\t\t\t<div class=\"elementor-element elementor-element-0b70848 elementor-widget elementor-widget-html\" data-id=\"0b70848\" data-element_type=\"widget\" data-widget_type=\"html.default\">\n\t\t\t\t<div class=\"elementor-widget-container\">\n\t\t\t<div style=\"padding:56.25% 0 0 0;position:relative;\"><iframe src=\" https:\/\/player.vimeo.com\/video\/805975050?h=21ba7325bb&autoplay=1&title=0&byline=0&portrait=0\" style=\"position:absolute;top:0;left:0;width:100%;height:100%;\" frameborder=\"0\" allow=\"autoplay; fullscreen; picture-in-picture\" allowfullscreen><\/iframe><\/div><script src=\"https:\/\/player.vimeo.com\/api\/player.js\"><\/script>\t\t<\/div>\n\t\t\t\t<\/div>\n\t\t\t\t\t<\/div>\n\t\t<\/div>\n\t\t\t\t\t\t\t<\/div>\n\t\t<\/section>\n\t\t\t\t<section data-particle_enable=\"false\" data-particle-mobile-disabled=\"false\" class=\"elementor-section elementor-top-section elementor-element elementor-element-507acd6 elementor-section-height-min-height elementor-section-boxed elementor-section-height-default elementor-section-items-middle\" data-id=\"507acd6\" data-element_type=\"section\">\n\t\t\t\t\t\t<div class=\"elementor-container elementor-column-gap-default\">\n\t\t\t\t\t<div class=\"elementor-column elementor-col-25 elementor-top-column elementor-element elementor-element-32e5ab7\" data-id=\"32e5ab7\" data-element_type=\"column\" data-settings=\"{&quot;animation_tablet&quot;:&quot;fadeIn&quot;,&quot;animation_mobile&quot;:&quot;fadeIn&quot;}\">\n\t\t\t<div class=\"elementor-widget-wrap elementor-element-populated\">\n\t\t\t\t\t\t\t\t<div class=\"elementor-element elementor-element-141c64e elementor-widget elementor-widget-heading\" data-id=\"141c64e\" data-element_type=\"widget\" data-widget_type=\"heading.default\">\n\t\t\t\t<div class=\"elementor-widget-container\">\n\t\t\t<h1 class=\"elementor-heading-title elementor-size-default\">[<\/h1>\t\t<\/div>\n\t\t\t\t<\/div>\n\t\t\t\t\t<\/div>\n\t\t<\/div>\n\t\t\t\t<div class=\"elementor-column elementor-col-25 elementor-top-column elementor-element elementor-element-0302bc4\" data-id=\"0302bc4\" data-element_type=\"column\" data-settings=\"{&quot;animation_tablet&quot;:&quot;fadeIn&quot;,&quot;animation_mobile&quot;:&quot;fadeIn&quot;}\">\n\t\t\t<div class=\"elementor-widget-wrap elementor-element-populated\">\n\t\t\t\t\t\t\t\t<div class=\"elementor-element elementor-element-e17b5de elementor-invisible elementor-widget elementor-widget-text-editor\" data-id=\"e17b5de\" data-element_type=\"widget\" data-settings=\"{&quot;_animation&quot;:&quot;fadeIn&quot;}\" data-widget_type=\"text-editor.default\">\n\t\t\t\t<div class=\"elementor-widget-container\">\n\t\t\t\t\t<div class=\"elementor-text-editor elementor-clearfix\"><p>JUEGO Y GAMBETA<\/p><\/div>\n\t\t\t\t<\/div>\n\t\t\t\t<\/div>\n\t\t\t\t<div class=\"elementor-element elementor-element-2f603d9 elementor-invisible elementor-widget elementor-widget-text-editor\" data-id=\"2f603d9\" data-element_type=\"widget\" data-settings=\"{&quot;_animation&quot;:&quot;fadeIn&quot;}\" data-widget_type=\"text-editor.default\">\n\t\t\t\t<div class=\"elementor-widget-container\">\n\t\t\t\t\t<div class=\"elementor-text-editor elementor-clearfix\"><p><b>FLOW<\/b><\/p><\/div>\n\t\t\t\t<\/div>\n\t\t\t\t<\/div>\n\t\t\t\t\t<\/div>\n\t\t<\/div>\n\t\t\t\t<div class=\"elementor-column elementor-col-25 elementor-top-column elementor-element elementor-element-4592bf1\" data-id=\"4592bf1\" data-element_type=\"column\">\n\t\t\t<div class=\"elementor-widget-wrap\">\n\t\t\t\t\t\t\t\t\t<\/div>\n\t\t<\/div>\n\t\t\t\t<div class=\"elementor-column elementor-col-25 elementor-top-column elementor-element elementor-element-65f68c1 elementor-hidden-phone\" data-id=\"65f68c1\" data-element_type=\"column\">\n\t\t\t<div class=\"elementor-widget-wrap\">\n\t\t\t\t\t\t\t\t\t<\/div>\n\t\t<\/div>\n\t\t\t\t\t\t\t<\/div>\n\t\t<\/section>\n\t\t\t\t<section data-particle_enable=\"false\" data-particle-mobile-disabled=\"false\" class=\"elementor-section elementor-top-section elementor-element elementor-element-9c578e1 elementor-section-height-min-height elementor-section-boxed elementor-section-height-default elementor-section-items-middle\" data-id=\"9c578e1\" data-element_type=\"section\" data-settings=\"{&quot;animation_tablet&quot;:&quot;fadeIn&quot;,&quot;animation_mobile&quot;:&quot;fadeIn&quot;}\">\n\t\t\t\t\t\t<div class=\"elementor-container elementor-column-gap-default\">\n\t\t\t\t\t<div class=\"elementor-column elementor-col-33 elementor-top-column elementor-element elementor-element-e910750\" data-id=\"e910750\" data-element_type=\"column\">\n\t\t\t<div class=\"elementor-widget-wrap\">\n\t\t\t\t\t\t\t\t\t<\/div>\n\t\t<\/div>\n\t\t\t\t<div class=\"elementor-column elementor-col-33 elementor-top-column elementor-element elementor-element-077deae\" data-id=\"077deae\" data-element_type=\"column\">\n\t\t\t<div class=\"elementor-widget-wrap elementor-element-populated\">\n\t\t\t\t\t\t\t\t<div class=\"elementor-element elementor-element-fe313c2 elementor-invisible elementor-widget elementor-widget-text-editor\" data-id=\"fe313c2\" data-element_type=\"widget\" data-settings=\"{&quot;_animation&quot;:&quot;fadeIn&quot;}\" data-widget_type=\"text-editor.default\">\n\t\t\t\t<div class=\"elementor-widget-container\">\n\t\t\t\t\t<div class=\"elementor-text-editor elementor-clearfix\">Un juego de cartas, cinco preguntas y dos referentes del f\u00fatbol en la misma mesa.  El  emblem\u00e1tico relator Walter Nelson, es el anfitri\u00f3n que juega de local. De visitante, una leyenda que dej\u00f3 su huella en la historia de la selecci\u00f3n. Una serie de an\u00e9cdotas imperdibles revelan el secreto de los jugadores que supieron llegar a lo m\u00e1s alto y marcar la diferencia. \n\u00cddolos, campeones del mundo y h\u00e9roes nacionales debutan en la cancha de Juego y Gambeta.\n<\/div>\n\t\t\t\t<\/div>\n\t\t\t\t<\/div>\n\t\t\t\t<div class=\"elementor-element elementor-element-79eea50 elementor-invisible elementor-widget elementor-widget-text-editor\" data-id=\"79eea50\" data-element_type=\"widget\" data-settings=\"{&quot;_animation&quot;:&quot;fadeIn&quot;}\" data-widget_type=\"text-editor.default\">\n\t\t\t\t<div class=\"elementor-widget-container\">\n\t\t\t\t\t<div class=\"elementor-text-editor elementor-clearfix\">A card game, five questions and two football references at the same table. The emblematic sports journalist Walter Nelson is the host who plays at home. As a visitor, a legend who left his mark and made history. \nA series of unmissable anecdotes reveal the secret of the players who knew how to reach the top and make a difference. Idols, world champions and national heroes make their debut on the \u201cJuego y Gambeta\u201d court.\n<\/div>\n\t\t\t\t<\/div>\n\t\t\t\t<\/div>\n\t\t\t\t<div class=\"elementor-element elementor-element-600661c elementor-align-center elementor-widget elementor-widget-button\" data-id=\"600661c\" data-element_type=\"widget\" data-settings=\"{&quot;_animation_tablet&quot;:&quot;slideInUp&quot;,&quot;_animation_mobile&quot;:&quot;slideInUp&quot;}\" data-widget_type=\"button.default\">\n\t\t\t\t<div class=\"elementor-widget-container\">\n\t\t\t\t\t<div class=\"elementor-button-wrapper\">\n\t\t\t<a href=\"https:\/\/plugmediatv.com\/index.php\/produccion-integral\/\" class=\"elementor-button-link elementor-button elementor-size-sm\" role=\"button\">\n\t\t\t\t\t\t<span class=\"elementor-button-content-wrapper\">\n\t\t\t\t\t\t<span class=\"elementor-button-text\">SEGUIR VIENDO<\/span>\n\t\t<\/span>\n\t\t\t\t\t<\/a>\n\t\t<\/div>\n\t\t\t\t<\/div>\n\t\t\t\t<\/div>\n\t\t\t\t\t<\/div>\n\t\t<\/div>\n\t\t\t\t<div class=\"elementor-column elementor-col-33 elementor-top-column elementor-element elementor-element-67c2f8f elementor-hidden-desktop elementor-hidden-tablet\" data-id=\"67c2f8f\" data-element_type=\"column\">\n\t\t\t<div class=\"elementor-widget-wrap\">\n\t\t\t\t\t\t\t\t\t<\/div>\n\t\t<\/div>\n\t\t\t\t\t\t\t<\/div>\n\t\t<\/section>\n\t\t\t\t\t\t<\/div>\n\t\t\t\t\t<\/div>\n\t\t","protected":false},"excerpt":{"rendered":"<p>[ JUEGO Y GAMBETA FLOW Un juego de cartas, cinco preguntas y dos referentes del f\u00fatbol en la misma mesa. El emblem\u00e1tico relator Walter Nelson, es el anfitri\u00f3n que juega de local. De visitante, una leyenda que dej\u00f3 su huella en la historia de la selecci\u00f3n. Una serie de an\u00e9cdotas imperdibles revelan el secreto de [&hellip;]<\/p>\n","protected":false},"author":1,"featured_media":0,"parent":0,"menu_order":0,"comment_status":"closed","ping_status":"closed","template":"elementor_header_footer","meta":{"_monsterinsights_skip_tracking":false,"_monsterinsights_sitenote_active":false,"_monsterinsights_sitenote_note":"","_monsterinsights_sitenote_category":0},"yoast_head":"<!-- This site is optimized with the Yoast SEO plugin v16.2 - https:\/\/yoast.com\/wordpress\/plugins\/seo\/ -->\n<title>JUEGO Y GAMBETA - plugmediatv<\/title>\n<meta name=\"robots\" content=\"index, follow, max-snippet:-1, max-image-preview:large, max-video-preview:-1\" \/>\n<link rel=\"canonical\" href=\"https:\/\/plugmediatv.com\/index.php\/juego-y-gambeta\/\" \/>\n<meta property=\"og:locale\" content=\"en_US\" \/>\n<meta property=\"og:type\" content=\"article\" \/>\n<meta property=\"og:title\" content=\"JUEGO Y GAMBETA - plugmediatv\" \/>\n<meta property=\"og:description\" content=\"[ JUEGO Y GAMBETA FLOW Un juego de cartas, cinco preguntas y dos referentes del f\u00fatbol en la misma mesa. El emblem\u00e1tico relator Walter Nelson, es el anfitri\u00f3n que juega de local. De visitante, una leyenda que dej\u00f3 su huella en la historia de la selecci\u00f3n. Una serie de an\u00e9cdotas imperdibles revelan el secreto de [&hellip;]\" \/>\n<meta property=\"og:url\" content=\"https:\/\/plugmediatv.com\/index.php\/juego-y-gambeta\/\" \/>\n<meta property=\"og:site_name\" content=\"plugmediatv\" \/>\n<meta property=\"article:modified_time\" content=\"2023-04-01T20:02:13+00:00\" \/>\n<meta name=\"twitter:card\" content=\"summary_large_image\" \/>\n<meta name=\"twitter:label1\" content=\"Est. reading time\">\n\t<meta name=\"twitter:data1\" content=\"1 minute\">\n<script type=\"application\/ld+json\" class=\"yoast-schema-graph\">{\"@context\":\"https:\/\/schema.org\",\"@graph\":[{\"@type\":\"WebSite\",\"@id\":\"https:\/\/plugmediatv.com\/#website\",\"url\":\"https:\/\/plugmediatv.com\/\",\"name\":\"plugmediatv\",\"description\":\"\",\"potentialAction\":[{\"@type\":\"SearchAction\",\"target\":\"https:\/\/plugmediatv.com\/?s={search_term_string}\",\"query-input\":\"required name=search_term_string\"}],\"inLanguage\":\"en-US\"},{\"@type\":\"WebPage\",\"@id\":\"https:\/\/plugmediatv.com\/index.php\/juego-y-gambeta\/#webpage\",\"url\":\"https:\/\/plugmediatv.com\/index.php\/juego-y-gambeta\/\",\"name\":\"JUEGO Y GAMBETA - plugmediatv\",\"isPartOf\":{\"@id\":\"https:\/\/plugmediatv.com\/#website\"},\"datePublished\":\"2023-04-01T19:38:59+00:00\",\"dateModified\":\"2023-04-01T20:02:13+00:00\",\"breadcrumb\":{\"@id\":\"https:\/\/plugmediatv.com\/index.php\/juego-y-gambeta\/#breadcrumb\"},\"inLanguage\":\"en-US\",\"potentialAction\":[{\"@type\":\"ReadAction\",\"target\":[\"https:\/\/plugmediatv.com\/index.php\/juego-y-gambeta\/\"]}]},{\"@type\":\"BreadcrumbList\",\"@id\":\"https:\/\/plugmediatv.com\/index.php\/juego-y-gambeta\/#breadcrumb\",\"itemListElement\":[{\"@type\":\"ListItem\",\"position\":1,\"item\":{\"@type\":\"WebPage\",\"@id\":\"https:\/\/plugmediatv.com\/\",\"url\":\"https:\/\/plugmediatv.com\/\",\"name\":\"Portada\"}},{\"@type\":\"ListItem\",\"position\":2,\"item\":{\"@id\":\"https:\/\/plugmediatv.com\/index.php\/juego-y-gambeta\/#webpage\"}}]}]}<\/script>\n<!-- \/ Yoast SEO plugin. -->","_links":{"self":[{"href":"https:\/\/plugmediatv.com\/index.php\/wp-json\/wp\/v2\/pages\/1647"}],"collection":[{"href":"https:\/\/plugmediatv.com\/index.php\/wp-json\/wp\/v2\/pages"}],"about":[{"href":"https:\/\/plugmediatv.com\/index.php\/wp-json\/wp\/v2\/types\/page"}],"author":[{"embeddable":true,"href":"https:\/\/plugmediatv.com\/index.php\/wp-json\/wp\/v2\/users\/1"}],"replies":[{"embeddable":true,"href":"https:\/\/plugmediatv.com\/index.php\/wp-json\/wp\/v2\/comments?post=1647"}],"version-history":[{"count":7,"href":"https:\/\/plugmediatv.com\/index.php\/wp-json\/wp\/v2\/pages\/1647\/revisions"}],"predecessor-version":[{"id":1672,"href":"https:\/\/plugmediatv.com\/index.php\/wp-json\/wp\/v2\/pages\/1647\/revisions\/1672"}],"wp:attachment":[{"href":"https:\/\/plugmediatv.com\/index.php\/wp-json\/wp\/v2\/media?parent=1647"}],"curies":[{"name":"wp","href":"https:\/\/api.w.org\/{rel}","templated":true}]}}